{"id":1298,"date":"2024-05-15T21:41:32","date_gmt":"2024-05-15T21:41:32","guid":{"rendered":"https:\/\/www.earslab.ict.uevora.pt\/?page_id=1298"},"modified":"2025-03-18T14:39:00","modified_gmt":"2025-03-18T14:39:00","slug":"restaurar-a-terra","status":"publish","type":"page","link":"https:\/\/www.earslab.ict.uevora.pt\/en\/restaurar-a-terra\/","title":{"rendered":"Restoring Earth: A Step Towards Drought Resilience and Combating Desertification"},"content":{"rendered":"<div data-elementor-type=\"wp-page\" data-elementor-id=\"1298\" class=\"elementor elementor-1298\">\n\t\t\t\t\t\t\t\t\t<section class=\"elementor-section elementor-top-section elementor-element elementor-element-01a6576 elementor-section-boxed elementor-section-height-default elementor-section-height-default\" data-id=\"01a6576\" data-element_type=\"section\">\n\t\t\t\t\t\t<div class=\"elementor-container elementor-column-gap-default\">\n\t\t\t\t\t<div class=\"elementor-column elementor-col-100 elementor-top-column elementor-element elementor-element-1f38e96\" data-id=\"1f38e96\" data-element_type=\"column\">\n\t\t\t<div class=\"elementor-widget-wrap elementor-element-populated\">\n\t\t\t\t\t\t\t\t<div class=\"elementor-element elementor-element-fd83fd9 elementor-widget elementor-widget-shortcode\" data-id=\"fd83fd9\" data-element_type=\"widget\" data-widget_type=\"shortcode.default\">\n\t\t\t\t<div class=\"elementor-widget-container\">\n\t\t\t\t\t<div class=\"elementor-shortcode\"><div class=\"trp_language_switcher_shortcode\">\n<div class=\"trp-language-switcher trp-language-switcher-container\" data-no-translation>\n    <div class=\"trp-ls-shortcode-current-language\">\n        <a href=\"#\" class=\"trp-ls-shortcode-disabled-language trp-ls-disabled-language\" title=\"English\" onclick=\"event.preventDefault()\">\n\t\t\t<img loading=\"lazy\" decoding=\"async\" class=\"trp-flag-image\" src=\"https:\/\/www.earslab.ict.uevora.pt\/wp-content\/plugins\/translatepress-multilingual\/assets\/images\/flags\/en_US.png\" width=\"18\" height=\"12\" alt=\"en_US\" title=\"English\"> English\t\t<\/a>\n    <\/div>\n    <div class=\"trp-ls-shortcode-language\">\n                <a href=\"#\" class=\"trp-ls-shortcode-disabled-language trp-ls-disabled-language\"  title=\"English\" onclick=\"event.preventDefault()\">\n\t\t\t<img loading=\"lazy\" decoding=\"async\" class=\"trp-flag-image\" src=\"https:\/\/www.earslab.ict.uevora.pt\/wp-content\/plugins\/translatepress-multilingual\/assets\/images\/flags\/en_US.png\" width=\"18\" height=\"12\" alt=\"en_US\" title=\"English\"> English\t\t<\/a>\n                    <a href=\"https:\/\/www.earslab.ict.uevora.pt\/wp-json\/wp\/v2\/pages\/1298\/\" title=\"Portuguese\">\n            <img loading=\"lazy\" decoding=\"async\" class=\"trp-flag-image\" src=\"https:\/\/www.earslab.ict.uevora.pt\/wp-content\/plugins\/translatepress-multilingual\/assets\/images\/flags\/pt_PT.png\" width=\"18\" height=\"12\" alt=\"pt_PT\" title=\"Portuguese\"> Portuguese        <\/a>\n\n        <\/div>\n    <script type=\"application\/javascript\">\n        \/\/ need to have the same with set from JS on both divs. Otherwise it can push stuff around in HTML\n        var trp_ls_shortcodes = document.querySelectorAll('.trp_language_switcher_shortcode .trp-language-switcher');\n        if ( trp_ls_shortcodes.length > 0) {\n            \/\/ get the last language switcher added\n            var trp_el = trp_ls_shortcodes[trp_ls_shortcodes.length - 1];\n\n            var trp_shortcode_language_item = trp_el.querySelector( '.trp-ls-shortcode-language' )\n            \/\/ set width\n            var trp_ls_shortcode_width                                               = trp_shortcode_language_item.offsetWidth + 16;\n            trp_shortcode_language_item.style.width                                  = trp_ls_shortcode_width + 'px';\n            trp_el.querySelector( '.trp-ls-shortcode-current-language' ).style.width = trp_ls_shortcode_width + 'px';\n\n            \/\/ We're putting this on display: none after we have its width.\n            trp_shortcode_language_item.style.display = 'none';\n        }\n    <\/script>\n<\/div>\n<\/div><\/div>\n\t\t\t\t<\/div>\n\t\t\t\t<\/div>\n\t\t\t\t\t<\/div>\n\t\t<\/div>\n\t\t\t\t\t\t\t<\/div>\n\t\t<\/section>\n\t\t\t\t<section class=\"elementor-section elementor-top-section elementor-element elementor-element-f5211ad elementor-section-boxed elementor-section-height-default elementor-section-height-default\" data-id=\"f5211ad\" data-element_type=\"section\">\n\t\t\t\t\t\t<div class=\"elementor-container elementor-column-gap-default\">\n\t\t\t\t\t<div class=\"elementor-column elementor-col-100 elementor-top-column elementor-element elementor-element-034ff38\" data-id=\"034ff38\" data-element_type=\"column\">\n\t\t\t<div class=\"elementor-widget-wrap elementor-element-populated\">\n\t\t\t\t\t\t\t\t<div class=\"elementor-element elementor-element-2bf745b elementor-widget elementor-widget-heading\" data-id=\"2bf745b\" data-element_type=\"widget\" data-widget_type=\"heading.default\">\n\t\t\t\t<div class=\"elementor-widget-container\">\n\t\t\t<h2 class=\"elementor-heading-title elementor-size-default\">Restoring Earth: A Step Towards Drought Resilience and Combating Desertification<\/h2>\t\t<\/div>\n\t\t\t\t<\/div>\n\t\t\t\t<div class=\"elementor-element elementor-element-40f7425 elementor-widget elementor-widget-heading\" data-id=\"40f7425\" data-element_type=\"widget\" data-widget_type=\"heading.default\">\n\t\t\t\t<div class=\"elementor-widget-container\">\n\t\t\t<h3 class=\"elementor-heading-title elementor-size-xl\">Concerns of a Region<\/h3>\t\t<\/div>\n\t\t\t\t<\/div>\n\t\t\t\t\t<\/div>\n\t\t<\/div>\n\t\t\t\t\t\t\t<\/div>\n\t\t<\/section>\n\t\t\t\t<section class=\"elementor-section elementor-top-section elementor-element elementor-element-84e6749 elementor-section-boxed elementor-section-height-default elementor-section-height-default\" data-id=\"84e6749\" data-element_type=\"section\">\n\t\t\t\t\t\t<div class=\"elementor-container elementor-column-gap-default\">\n\t\t\t\t\t<div class=\"elementor-column elementor-col-100 elementor-top-column elementor-element elementor-element-2132f01\" data-id=\"2132f01\" data-element_type=\"column\">\n\t\t\t<div class=\"elementor-widget-wrap\">\n\t\t\t\t\t\t\t\t\t<\/div>\n\t\t<\/div>\n\t\t\t\t\t\t\t<\/div>\n\t\t<\/section>\n\t\t\t\t<section class=\"elementor-section elementor-top-section elementor-element elementor-element-62b92e2 elementor-section-boxed elementor-section-height-default elementor-section-height-default\" data-id=\"62b92e2\" data-element_type=\"section\">\n\t\t\t\t\t\t<div class=\"elementor-container elementor-column-gap-default\">\n\t\t\t\t\t<div class=\"elementor-column elementor-col-50 elementor-top-column elementor-element elementor-element-6771f9e\" data-id=\"6771f9e\" data-element_type=\"column\">\n\t\t\t<div class=\"elementor-widget-wrap elementor-element-populated\">\n\t\t\t\t\t\t\t\t<div class=\"elementor-element elementor-element-52d3eb2 elementor-widget elementor-widget-image\" data-id=\"52d3eb2\" data-element_type=\"widget\" data-widget_type=\"image.default\">\n\t\t\t\t<div class=\"elementor-widget-container\">\n\t\t\t\t\t\t\t\t\t\t\t\t\t\t\t\t<a href=\"https:\/\/www.earslab.ict.uevora.pt\/wp-content\/uploads\/2024\/05\/yo76OmESMHRqNyk0.png\" data-elementor-open-lightbox=\"no\">\n\t\t\t\t\t\t\t<img loading=\"lazy\" decoding=\"async\" width=\"378\" height=\"376\" src=\"https:\/\/www.earslab.ict.uevora.pt\/wp-content\/uploads\/2024\/05\/yo76OmESMHRqNyk0.png\" class=\"attachment-large size-large wp-image-1299\" alt=\"\" srcset=\"https:\/\/www.earslab.ict.uevora.pt\/wp-content\/uploads\/2024\/05\/yo76OmESMHRqNyk0.png 378w, https:\/\/www.earslab.ict.uevora.pt\/wp-content\/uploads\/2024\/05\/yo76OmESMHRqNyk0-300x298.png 300w, https:\/\/www.earslab.ict.uevora.pt\/wp-content\/uploads\/2024\/05\/yo76OmESMHRqNyk0-150x150.png 150w\" sizes=\"auto, (max-width: 378px) 100vw, 378px\" \/>\t\t\t\t\t\t\t\t<\/a>\n\t\t\t\t\t\t\t\t\t\t\t\t\t\t\t<\/div>\n\t\t\t\t<\/div>\n\t\t\t\t\t<\/div>\n\t\t<\/div>\n\t\t\t\t<div class=\"elementor-column elementor-col-50 elementor-top-column elementor-element elementor-element-e74f018\" data-id=\"e74f018\" data-element_type=\"column\">\n\t\t\t<div class=\"elementor-widget-wrap elementor-element-populated\">\n\t\t\t\t\t\t\t\t<div class=\"elementor-element elementor-element-8a741a2 elementor-widget elementor-widget-text-editor\" data-id=\"8a741a2\" data-element_type=\"widget\" data-widget_type=\"text-editor.default\">\n\t\t\t\t<div class=\"elementor-widget-container\">\n\t\t\t\t\t\t\t<div class=\"elementor-widget-wrap elementor-element-populated\">\n<div class=\"elementor-element elementor-element-2bf745b elementor-widget elementor-widget-heading\" data-id=\"2bf745b\" data-element_type=\"widget\" data-widget_type=\"heading.default\">\n<div class=\"elementor-widget-container\">\n<h2 class=\"elementor-heading-title elementor-size-default\" style=\"text-align: left;\"><span style=\"font-family: Poppins, var(--nv-fallback-ff); font-size: 39px; letter-spacing: 0px; background-color: var(--nv-site-bg);\">Photography contest and exhibition<br \/><\/span><\/h2>\n<\/div>\n<\/div>\n<\/div>\n<h4>\u00a0<\/h4>\n<h4>\u00a0<\/h4>\n<h4>Participate until June 3, 2024!<\/h4>\t\t\t\t\t\t<\/div>\n\t\t\t\t<\/div>\n\t\t\t\t\t<\/div>\n\t\t<\/div>\n\t\t\t\t\t\t\t<\/div>\n\t\t<\/section>\n\t\t\t\t<section class=\"elementor-section elementor-top-section elementor-element elementor-element-403827e8 elementor-section-boxed elementor-section-height-default elementor-section-height-default\" data-id=\"403827e8\" data-element_type=\"section\">\n\t\t\t\t\t\t<div class=\"elementor-container elementor-column-gap-default\">\n\t\t\t\t\t<div class=\"elementor-column elementor-col-100 elementor-top-column elementor-element elementor-element-57063996\" data-id=\"57063996\" data-element_type=\"column\">\n\t\t\t<div class=\"elementor-widget-wrap elementor-element-populated\">\n\t\t\t\t\t\t\t\t<div class=\"elementor-element elementor-element-1604ea1f elementor-widget elementor-widget-text-editor\" data-id=\"1604ea1f\" data-element_type=\"widget\" data-widget_type=\"text-editor.default\">\n\t\t\t\t<div class=\"elementor-widget-container\">\n\t\t\t\t\t\t\t<p><!-- wp:image {\"id\":1299,\"sizeSlug\":\"full\",\"linkDestination\":\"none\"} --><\/p>\n<p class=\" translation-block\"><span style=\"background-color: var(--nv-site-bg);color: var(--nv-text-color);font-family: Poppins, var(--nv-fallback-ff);font-size: 17px;font-weight: 400;letter-spacing: 0px\">On June 5th, World Environment Day will be celebrated, this year focusing on the theme <\/span><b style=\"background-color: var(--nv-site-bg);color: var(--nv-text-color);font-family: Poppins, var(--nv-fallback-ff);font-size: 17px;letter-spacing: 0px\"><i>Land restoration, desertification &amp; drought resilience<\/i><\/b><span style=\"background-color: var(--nv-site-bg);color: var(--nv-text-color);font-family: Poppins, var(--nv-fallback-ff);font-size: 17px;font-weight: 400;letter-spacing: 0px\">. On the other hand, June 17th marks World Day to Combat Desertification and Drought. With a view to awakening public opinion and new generations to this issue, this photography competition is organized that aims to translate these concerns, at a regional and global level, involving young people and the community in general. The competition aims to combine the art of photography with environmental concerns, raising awareness among the community, raising awareness of current challenges and contributing to possible solutions in a territory like Alentejo, with a vast area susceptible to desertification.<\/span><\/p>\n<p><!-- \/wp:paragraph --><\/p>\n<p><!-- wp:paragraph --><\/p>\n<p style=\"text-align: justify;\">Participate in the photo exhibition \u201cRestoring the Earth, a step towards resilience to drought and combating desertification: Concerns of a region\u201d submitting a photo related to the theme of the competition by June 3rd. All photographs will be displayed in the online gallery, where information explaining some phenomena related to the theme will also be gradually introduced. The best photographs will be selected by public voting and by the organizing committee, to be part of an in-person photographic exhibition at Universidade de \u00c9vora and Instituto Polit\u00e9cnico de Beja.<\/p>\n<h3>\u00a0<\/h3>\n<h3>How to participate:<\/h3>\n<ul>\n<li style=\"list-style-type: none;\">\n<ul><!-- wp:list-item --><\/ul>\n<\/li>\n<li class=\" translation-block\">Submission and complementar information\u00a0\u00a0<a style=\"color: #ff0000\" href=\"https:\/\/docs.google.com\/forms\/d\/e\/1FAIpQLSdst2rRLqMURNDj5TQWRvWEDoo1cdwhf8Zmurc1gfjSdG8Gag\/viewform?usp=sf_link\" target=\"_blank\" rel=\"noopener\">here<\/a><\/li>\n<li>Each participant can submit upto 2 photos<\/li>\n<li>Deadline for participation: June 3, 2024<\/li>\n<\/ul>\n<p><!-- \/wp:list-item --><\/p>\n<h3>\u00a0<\/h3>\n<h3>Important dates:<\/h3>\n<p>06\/03\/2024 \u2013 Deadline for uploading photographs (up to 2 per participant)<\/p>\n<p>06\/05\/2024 \u2013 Opening of the online Photographic Exhibition and opening of voting to the community; The best photographs will be selected by public voting and by the organizing committee<\/p>\n<p>06\/11\/2024 \u2013 Deadline to vote for the best photographs<\/p>\n<p>18\/06\/2024 , 14:30 &#8211; Inaugura\u00e7\u00e3o da Exposi\u00e7\u00e3o Fotogr\u00e1fica presencial, na Galeria do Edif\u00edcio dos Servi\u00e7os Comuns I, Instituto Polit\u00e9cnico de Beja, e atribui\u00e7\u00e3o dos certificados de participa\u00e7\u00e3o e pr\u00e9mios aos participantes.<\/p>\n<p>19\/06\/2024, 16:00 &#8211; Inaugura\u00e7\u00e3o da Exposi\u00e7\u00e3o Fotogr\u00e1fica presencial, na Biblioteca do CLAV, Universidade de \u00c9vora, com as fotografias selecionadas, e atribui\u00e7\u00e3o dos certificados de participa\u00e7\u00e3o e pr\u00e9mios aos participantes.<\/p>\n<p>\u00a0<\/p>\n<h3>Awards:<\/h3>\n<p>The first three classified will have the opportunity to follow the journey of an environmental scientist for a day, with the possibility of visiting regional infrastructures (Alqueva hydro-meteorological platform, historic meteorological station, Vale Formoso Soil Erosion Experimental Center).<\/p>\n<p>There will also be certificates and symbolic participation prizes for the selected photographs.<\/p>\n<h3>Organization and contacts:<\/h3>\n<ul>\n<li style=\"list-style-type: none;\">\n<ul><!-- wp:list-item --><\/ul>\n<\/li>\n<li><a href=\"mailto:scapelo@uevora.pt\" target=\"_blank\" rel=\"noopener\">Sofia Capelo<\/a>, Departamento de Paisagem, Ambiente e Ordenamento (U\u00c9) \u2013 Main organizer<\/li>\n<li>Maria Jo\u00e3o Costa, Departamento de F\u00edsica (U\u00c9)<\/li>\n<li>Pedro Salgueiro, Departamento de Inform\u00e1tica (U\u00c9)<\/li>\n<li>Daniele Bortoli, Departamento de F\u00edsica (U\u00c9)<\/li>\n<li><a href=\"mailto:ppalma@ipbeja.pt\" target=\"_blank\" rel=\"noopener\">Patr\u00edcia Palma<\/a>, Departamento Tecnologias e Ci\u00eancias Aplicadas (IPBeja)<\/li>\n<li>Ana Pardal, Departamento Tecnologias Aplicadas (IPBeja)<\/li>\n<li>Jorge Tavares, Departamento Tecnologias Aplicadas (IPBeja)<\/li>\n<li>Alexandra Tomaz, Departamento de Bioci\u00eancias (IPBeja)<\/li>\n<\/ul>\n<p>Integrated into the activities of the SCIGLO project \u2013 European Researchers\u2019 Night.<\/p>\n<p>With the support of N\u00facleo de Alunos de Ecologia e Ambiente<\/p>\n<p><!-- \/wp:list-item --><\/p>\n<p><!-- \/wp:paragraph --><\/p>\t\t\t\t\t\t<\/div>\n\t\t\t\t<\/div>\n\t\t\t\t\t<\/div>\n\t\t<\/div>\n\t\t\t\t\t\t\t<\/div>\n\t\t<\/section>\n\t\t\t\t<section class=\"elementor-section elementor-top-section elementor-element elementor-element-9e27331 elementor-section-boxed elementor-section-height-default elementor-section-height-default\" data-id=\"9e27331\" data-element_type=\"section\">\n\t\t\t\t\t\t<div class=\"elementor-container elementor-column-gap-default\">\n\t\t\t\t\t<div class=\"elementor-column elementor-col-100 elementor-top-column elementor-element elementor-element-fe998f0\" data-id=\"fe998f0\" data-element_type=\"column\">\n\t\t\t<div class=\"elementor-widget-wrap elementor-element-populated\">\n\t\t\t\t\t\t\t\t<div class=\"elementor-element elementor-element-3c8f80e elementor-widget elementor-widget-spacer\" data-id=\"3c8f80e\" data-element_type=\"widget\" data-widget_type=\"spacer.default\">\n\t\t\t\t<div class=\"elementor-widget-container\">\n\t\t\t\t\t<div class=\"elementor-spacer\">\n\t\t\t<div class=\"elementor-spacer-inner\"><\/div>\n\t\t<\/div>\n\t\t\t\t<\/div>\n\t\t\t\t<\/div>\n\t\t\t\t\t<\/div>\n\t\t<\/div>\n\t\t\t\t\t\t\t<\/div>\n\t\t<\/section>\n\t\t\t\t<section class=\"elementor-section elementor-top-section elementor-element elementor-element-928f1ce elementor-section-boxed elementor-section-height-default elementor-section-height-default\" data-id=\"928f1ce\" data-element_type=\"section\">\n\t\t\t\t\t\t<div class=\"elementor-container elementor-column-gap-default\">\n\t\t\t\t\t<div class=\"elementor-column elementor-col-33 elementor-top-column elementor-element elementor-element-5d504ab\" data-id=\"5d504ab\" data-element_type=\"column\">\n\t\t\t<div class=\"elementor-widget-wrap elementor-element-populated\">\n\t\t\t\t\t\t\t\t<div class=\"elementor-element elementor-element-30ea6c0 elementor-widget elementor-widget-image\" data-id=\"30ea6c0\" data-element_type=\"widget\" data-widget_type=\"image.default\">\n\t\t\t\t<div class=\"elementor-widget-container\">\n\t\t\t\t\t\t\t\t\t\t\t\t\t\t\t<img loading=\"lazy\" decoding=\"async\" width=\"1024\" height=\"322\" src=\"https:\/\/www.earslab.ict.uevora.pt\/wp-content\/uploads\/2024\/05\/logoUE_horizontal-1024x322.png\" class=\"attachment-large size-large wp-image-1428\" alt=\"\" srcset=\"https:\/\/www.earslab.ict.uevora.pt\/wp-content\/uploads\/2024\/05\/logoUE_horizontal-1024x322.png 1024w, https:\/\/www.earslab.ict.uevora.pt\/wp-content\/uploads\/2024\/05\/logoUE_horizontal-300x94.png 300w, https:\/\/www.earslab.ict.uevora.pt\/wp-content\/uploads\/2024\/05\/logoUE_horizontal-768x242.png 768w, https:\/\/www.earslab.ict.uevora.pt\/wp-content\/uploads\/2024\/05\/logoUE_horizontal.png 1237w\" sizes=\"auto, (max-width: 1024px) 100vw, 1024px\" \/>\t\t\t\t\t\t\t\t\t\t\t\t\t\t\t<\/div>\n\t\t\t\t<\/div>\n\t\t\t\t\t<\/div>\n\t\t<\/div>\n\t\t\t\t<div class=\"elementor-column elementor-col-33 elementor-top-column elementor-element elementor-element-ae6fc63\" data-id=\"ae6fc63\" data-element_type=\"column\">\n\t\t\t<div class=\"elementor-widget-wrap\">\n\t\t\t\t\t\t\t\t\t<\/div>\n\t\t<\/div>\n\t\t\t\t<div class=\"elementor-column elementor-col-33 elementor-top-column elementor-element elementor-element-d9532f3\" data-id=\"d9532f3\" data-element_type=\"column\">\n\t\t\t<div class=\"elementor-widget-wrap elementor-element-populated\">\n\t\t\t\t\t\t\t\t<div class=\"elementor-element elementor-element-e28c9a6 elementor-widget elementor-widget-image\" data-id=\"e28c9a6\" data-element_type=\"widget\" data-widget_type=\"image.default\">\n\t\t\t\t<div class=\"elementor-widget-container\">\n\t\t\t\t\t\t\t\t\t\t\t\t\t\t\t<img loading=\"lazy\" decoding=\"async\" width=\"1024\" height=\"424\" src=\"https:\/\/www.earslab.ict.uevora.pt\/wp-content\/uploads\/2024\/05\/IPbeja_horizontal-1024x424.png\" class=\"attachment-large size-large wp-image-1403\" alt=\"\" srcset=\"https:\/\/www.earslab.ict.uevora.pt\/wp-content\/uploads\/2024\/05\/IPbeja_horizontal-1024x424.png 1024w, https:\/\/www.earslab.ict.uevora.pt\/wp-content\/uploads\/2024\/05\/IPbeja_horizontal-300x124.png 300w, https:\/\/www.earslab.ict.uevora.pt\/wp-content\/uploads\/2024\/05\/IPbeja_horizontal-768x318.png 768w, https:\/\/www.earslab.ict.uevora.pt\/wp-content\/uploads\/2024\/05\/IPbeja_horizontal.png 1465w\" sizes=\"auto, (max-width: 1024px) 100vw, 1024px\" \/>\t\t\t\t\t\t\t\t\t\t\t\t\t\t\t<\/div>\n\t\t\t\t<\/div>\n\t\t\t\t\t<\/div>\n\t\t<\/div>\n\t\t\t\t\t\t\t<\/div>\n\t\t<\/section>\n\t\t\t\t<section class=\"elementor-section elementor-top-section elementor-element elementor-element-0b8bfdb elementor-section-boxed elementor-section-height-default elementor-section-height-default\" data-id=\"0b8bfdb\" data-element_type=\"section\">\n\t\t\t\t\t\t<div class=\"elementor-container elementor-column-gap-default\">\n\t\t\t\t\t<div class=\"elementor-column elementor-col-25 elementor-top-column elementor-element elementor-element-fcef90b\" data-id=\"fcef90b\" data-element_type=\"column\">\n\t\t\t<div class=\"elementor-widget-wrap elementor-element-populated\">\n\t\t\t\t\t\t\t\t<div class=\"elementor-element elementor-element-6b46c43 elementor-widget elementor-widget-image\" data-id=\"6b46c43\" data-element_type=\"widget\" data-widget_type=\"image.default\">\n\t\t\t\t<div class=\"elementor-widget-container\">\n\t\t\t\t\t\t\t\t\t\t\t\t\t\t\t<img loading=\"lazy\" decoding=\"async\" width=\"300\" height=\"156\" src=\"https:\/\/www.earslab.ict.uevora.pt\/wp-content\/uploads\/2022\/04\/ict-1.png\" class=\"attachment-large size-large wp-image-990\" alt=\"\" \/>\t\t\t\t\t\t\t\t\t\t\t\t\t\t\t<\/div>\n\t\t\t\t<\/div>\n\t\t\t\t\t<\/div>\n\t\t<\/div>\n\t\t\t\t<div class=\"elementor-column elementor-col-25 elementor-top-column elementor-element elementor-element-34e1ca5\" data-id=\"34e1ca5\" data-element_type=\"column\">\n\t\t\t<div class=\"elementor-widget-wrap elementor-element-populated\">\n\t\t\t\t\t\t\t\t<div class=\"elementor-element elementor-element-57309b0 elementor-widget elementor-widget-image\" data-id=\"57309b0\" data-element_type=\"widget\" data-widget_type=\"image.default\">\n\t\t\t\t<div class=\"elementor-widget-container\">\n\t\t\t\t\t\t\t\t\t\t\t\t\t\t\t<img loading=\"lazy\" decoding=\"async\" width=\"150\" height=\"150\" src=\"https:\/\/www.earslab.ict.uevora.pt\/wp-content\/uploads\/2024\/05\/VISTA-Lab-centro-algoritmi-e1715893582461-150x150.png\" class=\"attachment-thumbnail size-thumbnail wp-image-1577\" alt=\"\" \/>\t\t\t\t\t\t\t\t\t\t\t\t\t\t\t<\/div>\n\t\t\t\t<\/div>\n\t\t\t\t\t<\/div>\n\t\t<\/div>\n\t\t\t\t<div class=\"elementor-column elementor-col-25 elementor-top-column elementor-element elementor-element-32c07ff\" data-id=\"32c07ff\" data-element_type=\"column\">\n\t\t\t<div class=\"elementor-widget-wrap elementor-element-populated\">\n\t\t\t\t\t\t\t\t<div class=\"elementor-element elementor-element-c2a6ec5 elementor-widget elementor-widget-image\" data-id=\"c2a6ec5\" data-element_type=\"widget\" data-widget_type=\"image.default\">\n\t\t\t\t<div class=\"elementor-widget-container\">\n\t\t\t\t\t\t\t\t\t\t\t\t\t\t\t<img loading=\"lazy\" decoding=\"async\" width=\"259\" height=\"87\" src=\"https:\/\/www.earslab.ict.uevora.pt\/wp-content\/uploads\/2024\/05\/create-e1715893625245.png\" class=\"attachment-large size-large wp-image-1401\" alt=\"\" \/>\t\t\t\t\t\t\t\t\t\t\t\t\t\t\t<\/div>\n\t\t\t\t<\/div>\n\t\t\t\t\t<\/div>\n\t\t<\/div>\n\t\t\t\t<div class=\"elementor-column elementor-col-25 elementor-top-column elementor-element elementor-element-2995f15\" data-id=\"2995f15\" data-element_type=\"column\">\n\t\t\t<div class=\"elementor-widget-wrap elementor-element-populated\">\n\t\t\t\t\t\t\t\t<div class=\"elementor-element elementor-element-415e9c6 elementor-widget elementor-widget-image\" data-id=\"415e9c6\" data-element_type=\"widget\" data-widget_type=\"image.default\">\n\t\t\t\t<div class=\"elementor-widget-container\">\n\t\t\t\t\t\t\t\t\t\t\t\t\t\t\t<img decoding=\"async\" src=\"https:\/\/www.earslab.ict.uevora.pt\/wp-content\/uploads\/elementor\/thumbs\/Logo-e1722496567186-qryi7h5ztq98fyhnxatt6cx8hl1dfn4w4wy91e4okc.jpg\" title=\"Logo\" alt=\"Logo\" loading=\"lazy\" \/>\t\t\t\t\t\t\t\t\t\t\t\t\t\t\t<\/div>\n\t\t\t\t<\/div>\n\t\t\t\t\t<\/div>\n\t\t<\/div>\n\t\t\t\t\t\t\t<\/div>\n\t\t<\/section>\n\t\t\t\t<section class=\"elementor-section elementor-top-section elementor-element elementor-element-7e31c02 elementor-section-boxed elementor-section-height-default elementor-section-height-default\" data-id=\"7e31c02\" data-element_type=\"section\">\n\t\t\t\t\t\t<div class=\"elementor-container elementor-column-gap-default\">\n\t\t\t\t\t<div class=\"elementor-column elementor-col-100 elementor-top-column elementor-element elementor-element-f8c5188\" data-id=\"f8c5188\" data-element_type=\"column\">\n\t\t\t<div class=\"elementor-widget-wrap elementor-element-populated\">\n\t\t\t\t\t\t\t\t<div class=\"elementor-element elementor-element-421d607 elementor-widget elementor-widget-spacer\" data-id=\"421d607\" data-element_type=\"widget\" data-widget_type=\"spacer.default\">\n\t\t\t\t<div class=\"elementor-widget-container\">\n\t\t\t\t\t<div class=\"elementor-spacer\">\n\t\t\t<div class=\"elementor-spacer-inner\"><\/div>\n\t\t<\/div>\n\t\t\t\t<\/div>\n\t\t\t\t<\/div>\n\t\t\t\t\t<\/div>\n\t\t<\/div>\n\t\t\t\t\t\t\t<\/div>\n\t\t<\/section>\n\t\t\t\t\t\t\t<\/div>","protected":false},"excerpt":{"rendered":"<p>Restaurar a Terra, um passo na resili\u00eancia \u00e0 seca e combate \u00e0 desertifica\u00e7\u00e3o Preocupa\u00e7\u00f5es de uma regi\u00e3o Concurso e exposi\u00e7\u00e3o fotogr\u00e1fica \u00a0 \u00a0 Participa at\u00e9 3 de junho de 2024!<\/p>","protected":false},"author":1,"featured_media":0,"parent":0,"menu_order":0,"comment_status":"closed","ping_status":"closed","template":"elementor_header_footer","meta":{"_editorskit_title_hidden":false,"_editorskit_reading_time":0,"_editorskit_is_block_options_detached":false,"_editorskit_block_options_position":"{}","neve_meta_sidebar":"full-width","neve_meta_container":"","neve_meta_enable_content_width":"on","neve_meta_content_width":100,"neve_meta_title_alignment":"","neve_meta_author_avatar":"","neve_post_elements_order":"","neve_meta_disable_header":"","neve_meta_disable_footer":"","neve_meta_disable_title":"","ngg_post_thumbnail":0,"_ti_tpc_template_sync":false,"_ti_tpc_template_id":"","footnotes":""},"class_list":["post-1298","page","type-page","status-publish","hentry"],"guten_post_layout_featured_media_urls":{"full":false,"thumbnail":false,"medium":false,"medium_large":false,"large":false,"RoboGalleryMansoryImagesCenter":false,"RoboGalleryMansoryImagesTop":false,"1536x1536":false,"2048x2048":false,"trp-custom-language-flag":false,"guten_post_layout_landscape_large":false,"guten_post_layout_portrait_large":false,"guten_post_layout_square_large":false,"guten_post_layout_landscape":false,"guten_post_layout_portrait":false,"guten_post_layout_square":false,"neve-blog":false},"_links":{"self":[{"href":"https:\/\/www.earslab.ict.uevora.pt\/en\/wp-json\/wp\/v2\/pages\/1298","targetHints":{"allow":["GET"]}}],"collection":[{"href":"https:\/\/www.earslab.ict.uevora.pt\/en\/wp-json\/wp\/v2\/pages"}],"about":[{"href":"https:\/\/www.earslab.ict.uevora.pt\/en\/wp-json\/wp\/v2\/types\/page"}],"author":[{"embeddable":true,"href":"https:\/\/www.earslab.ict.uevora.pt\/en\/wp-json\/wp\/v2\/users\/1"}],"replies":[{"embeddable":true,"href":"https:\/\/www.earslab.ict.uevora.pt\/en\/wp-json\/wp\/v2\/comments?post=1298"}],"version-history":[{"count":318,"href":"https:\/\/www.earslab.ict.uevora.pt\/en\/wp-json\/wp\/v2\/pages\/1298\/revisions"}],"predecessor-version":[{"id":1794,"href":"https:\/\/www.earslab.ict.uevora.pt\/en\/wp-json\/wp\/v2\/pages\/1298\/revisions\/1794"}],"wp:attachment":[{"href":"https:\/\/www.earslab.ict.uevora.pt\/en\/wp-json\/wp\/v2\/media?parent=1298"}],"curies":[{"name":"wp","href":"https:\/\/api.w.org\/{rel}","templated":true}]}}